{"id":21,"date":"2019-06-04T18:32:48","date_gmt":"2019-06-04T16:32:48","guid":{"rendered":"http:\/\/grandirensante.be\/?page_id=21"},"modified":"2023-02-07T11:27:27","modified_gmt":"2023-02-07T10:27:27","slug":"contact","status":"publish","type":"page","link":"https:\/\/grandirensante.be\/index.php\/contact\/","title":{"rendered":"Contact"},"content":{"rendered":"\n<p>R\u00e9f\u00e9rente administrative : Saida SANHAYI<\/p>\n\n\n\n<p>MAIL : <a href=\"info@grandirensante.be\">info@grandirensante.be<\/a><\/p>\n\n\n\n<p>T\u00e9l : 0472\/19.33.45 <br> <\/p>\n\n\n\n<p>Charg\u00e9e et coordinatrice de projet : Joy PARISI<\/p>\n\n\n\n<p>MAIL: <a href=\"carol.soetens@grandirensante.be\">joy.parisi@grandirensante.be<\/a><\/p>\n\n\n\n<p>T\u00e9l: 0478\/16.04.79<\/p>\n\n\n\n<p><em>ADRESSE : <\/em><\/p>\n\n\n\n<p>ASBL Grandir en Sant\u00e9<\/p>\n\n\n\n<p>c\/o Mutualit\u00e9 Saint-Michel<\/p>\n\n\n\n<p>Boulevard Anspach 111-115<\/p>\n\n\n\n<p>1000 Bruxelles<\/p>\n\n\n\n<p><\/p>\n\n\n\n<p><\/p>\n","protected":false},"excerpt":{"rendered":"<p>R\u00e9f\u00e9rente administrative : Saida SANHAYI MAIL : info@grandirensante.be T\u00e9l : 0472\/19.33.45 Charg\u00e9e et coordinatrice de projet : Joy PARISI MAIL: joy.parisi@grandirensante.be T\u00e9l: 0478\/16.04.79 ADRESSE : ASBL Grandir en Sant\u00e9 c\/o Mutualit\u00e9 Saint-Michel Boulevard Anspach 111-115 1000 Bruxelles<\/p>\n","protected":false},"author":1,"featured_media":0,"parent":0,"menu_order":3,"comment_status":"closed","ping_status":"closed","template":"","meta":{"footnotes":""},"_links":{"self":[{"href":"https:\/\/grandirensante.be\/index.php\/wp-json\/wp\/v2\/pages\/21"}],"collection":[{"href":"https:\/\/grandirensante.be\/index.php\/wp-json\/wp\/v2\/pages"}],"about":[{"href":"https:\/\/grandirensante.be\/index.php\/wp-json\/wp\/v2\/types\/page"}],"author":[{"embeddable":true,"href":"https:\/\/grandirensante.be\/index.php\/wp-json\/wp\/v2\/users\/1"}],"replies":[{"embeddable":true,"href":"https:\/\/grandirensante.be\/index.php\/wp-json\/wp\/v2\/comments?post=21"}],"version-history":[{"count":5,"href":"https:\/\/grandirensante.be\/index.php\/wp-json\/wp\/v2\/pages\/21\/revisions"}],"predecessor-version":[{"id":100,"href":"https:\/\/grandirensante.be\/index.php\/wp-json\/wp\/v2\/pages\/21\/revisions\/100"}],"wp:attachment":[{"href":"https:\/\/grandirensante.be\/index.php\/wp-json\/wp\/v2\/media?parent=21"}],"curies":[{"name":"wp","href":"https:\/\/api.w.org\/{rel}","templated":true}]}}