{"id":47,"date":"2019-06-19T13:25:15","date_gmt":"2019-06-19T11:25:15","guid":{"rendered":"http:\/\/grandirensante.be\/?page_id=47"},"modified":"2019-06-19T14:23:37","modified_gmt":"2019-06-19T12:23:37","slug":"ses-missions-son-objet-social","status":"publish","type":"page","link":"https:\/\/grandirensante.be\/index.php\/ses-missions-son-objet-social\/","title":{"rendered":"Ses missions \/ son objet social"},"content":{"rendered":"\n<p><strong>L\u2019association a pour but de promotionner et soutenir les dispositifs d\u2019accompagnement de la parentalit\u00e9 en vue de r\u00e9duire les in\u00e9galit\u00e9s sociales, en R\u00e9gion de Bruxelles Capitale et sa p\u00e9riph\u00e9rie et en particulier&nbsp;:<\/strong><\/p>\n\n\n\n<ul><li><em>de soutenir l\u2019organisation de consultations post ou pr\u00e9-natales et de l\u2019enfance, <\/em><\/li><\/ul>\n\n\n\n<ul><li><em>d\u2019entreprendre et mener toute d\u00e9marche de pr\u00e9vention, d\u2019information et d\u2019accompagnement <\/em><\/li><\/ul>\n\n\n\n<p><strong>Elle poursuit la r\u00e9alisation de ce but par tous moyens et notamment, sans que cette \u00e9num\u00e9ration soit limitative, en :<\/strong><\/p>\n\n\n\n<ul><li>Menant, promotionnant et\/ou soutenant toute initiative ou op\u00e9ration se rattachant directement ou indirectement \u00e0 son but.<\/li><\/ul>\n\n\n\n<ul><li>Organisant&nbsp;ou participant \u00e0 toute activit\u00e9 en rapport avec son but social en g\u00e9n\u00e9ral et autour des th\u00e8mes de l&rsquo;enfance et de la parentalit\u00e9 en particulier.<\/li><\/ul>\n\n\n\n<ul><li>Jouant un r\u00f4le de pouvoir organisateur pour des consultations natales ou pr\u00e9natales, notamment celles organis\u00e9es \u00e0 l\u2019initiative de l\u2019ONE en R\u00e9gion de Bruxelles Capitale.<\/li><\/ul>\n\n\n\n<ul><li>Organisant et effectuant le suivi de la gestion centralis\u00e9e de ces consultations.<\/li><\/ul>\n\n\n\n<ul><li>Organisant des formations pour les volontaires rattach\u00e9s \u00e0 la structure de l\u2019ASBL.<\/li><\/ul>\n\n\n\n<ul><li>Construisant des supports p\u00e9dagogiques et informatifs \u00e0 destination des travailleurs sociaux, des volontaires et des familles.<\/li><\/ul>\n\n\n\n<ul><li>Organisant des activit\u00e9s d\u2019\u00e9ducation permanente en r\u00e9f\u00e9rence avec le d\u00e9cret y \u00e9tant relatif.<\/li><\/ul>\n\n\n\n<ul><li>En entreprenant toute action visant \u00e0 renforcer l\u2019ensemble de ses missions<\/li><\/ul>\n\n\n\n<p>Pour r\u00e9aliser ses objectifs, l\u2019association\npeut recevoir toute aide ou contribution mat\u00e9rielle ou financi\u00e8re,\nd\u2019institutions et personnes publiques ou priv\u00e9es. Les fonds et mat\u00e9riels ainsi\nr\u00e9colt\u00e9s doivent servir exclusivement aux objectifs non lucratifs de\nl\u2019association. <\/p>\n\n\n\n<p>L&rsquo;association peut accomplir tous les actes se\nrapportant directement ou indirectement \u00e0 son but. Elle peut pr\u00eater son\nconcours et s&rsquo;int\u00e9resser \u00e0 toutes activit\u00e9s similaires \u00e0 son but. <\/p>\n","protected":false},"excerpt":{"rendered":"<p>L\u2019association a pour but de promotionner et soutenir les dispositifs d\u2019accompagnement de la parentalit\u00e9 en vue de r\u00e9duire les in\u00e9galit\u00e9s sociales, en R\u00e9gion de Bruxelles Capitale et sa p\u00e9riph\u00e9rie et en particulier&nbsp;: de soutenir l\u2019organisation de consultations post ou pr\u00e9-natales et de l\u2019enfance, d\u2019entreprendre et mener toute d\u00e9marche de pr\u00e9vention, d\u2019information et d\u2019accompagnement Elle poursuit &hellip; <\/p>\n<p class=\"link-more\"><a href=\"https:\/\/grandirensante.be\/index.php\/ses-missions-son-objet-social\/\" class=\"more-link\">Continuer la lecture<span class=\"screen-reader-text\"> de &laquo;&nbsp;Ses missions \/ son objet social&nbsp;&raquo;<\/span><\/a><\/p>\n","protected":false},"author":4,"featured_media":0,"parent":0,"menu_order":1,"comment_status":"closed","ping_status":"closed","template":"template-full-width.php","meta":{"footnotes":""},"_links":{"self":[{"href":"https:\/\/grandirensante.be\/index.php\/wp-json\/wp\/v2\/pages\/47"}],"collection":[{"href":"https:\/\/grandirensante.be\/index.php\/wp-json\/wp\/v2\/pages"}],"about":[{"href":"https:\/\/grandirensante.be\/index.php\/wp-json\/wp\/v2\/types\/page"}],"author":[{"embeddable":true,"href":"https:\/\/grandirensante.be\/index.php\/wp-json\/wp\/v2\/users\/4"}],"replies":[{"embeddable":true,"href":"https:\/\/grandirensante.be\/index.php\/wp-json\/wp\/v2\/comments?post=47"}],"version-history":[{"count":3,"href":"https:\/\/grandirensante.be\/index.php\/wp-json\/wp\/v2\/pages\/47\/revisions"}],"predecessor-version":[{"id":71,"href":"https:\/\/grandirensante.be\/index.php\/wp-json\/wp\/v2\/pages\/47\/revisions\/71"}],"wp:attachment":[{"href":"https:\/\/grandirensante.be\/index.php\/wp-json\/wp\/v2\/media?parent=47"}],"curies":[{"name":"wp","href":"https:\/\/api.w.org\/{rel}","templated":true}]}}